{"id":2745,"date":"2023-11-15T11:15:24","date_gmt":"2023-11-15T10:15:24","guid":{"rendered":"https:\/\/manimedia.de\/?page_id=2745"},"modified":"2024-07-05T09:44:11","modified_gmt":"2024-07-05T08:44:11","slug":"agb","status":"publish","type":"page","link":"https:\/\/manimedia.de\/en\/agb\/","title":{"rendered":"GTC"},"content":{"rendered":"<h1 align=\"center\">Allgemeine Gesch\u00e4ftsbedingungen von manimedia, Inhaber Markus Nick (g\u00fcltig ab 01.01.2023)<\/h1>\n<h2>1. Verlust und Besch\u00e4digungen<\/h2>\n<p>Im Fall des Verlusts oder der Besch\u00e4digung der durch manimedia Inh. Markus Nick durchgef\u00fchrten Aufnahmen besteht kein Schadensersatzanspruch f\u00fcr den Auftraggeber. Manimedia haftet insbesondere nicht fu\u0308r entgangenen Gewinn, Folgesch\u00e4den und immaterielle Scha\u0308den der Auftraggeber. Schadenersatzanspr\u00fcche bestehen nur, wenn vom Gescha\u0308digten grobe Fahrla\u0308ssigkeit nachgewiesen wird. Ersatzanspr\u00fcche verj\u00e4hren nach 3 Monaten ab Kenntnis von Schaden und Scha\u0308diger, jedenfalls<br \/>\naber in 10 Jahren nach Erbringung der Leistung oder Lieferung.<\/p>\n<h2>2. Leistung<\/h2>\n<p>2.1.\u00a0\u00a0Der Videograf wird den erteilten Auftrag bestm\u00f6glich ausf\u00fchren. Er kann den Auftrag auch \u2013 zur G\u00e4nze oder zum Teil \u2013 durch Dritte ausf\u00fchren lassen. Sofern der Vertragspartner keine schriftlichen Anordnungen trifft, ist der Videograf hinsichtlich der Art der Durchf\u00fchrung des Auftrages frei. Dies gilt insbesonders f\u00fcr die Bildgestaltung, die Auswahl der Video- und Fotomodelle, des Aufnahmeortes und der angewendeten fotografischen\/videografischen Mittel. Abweichungen von fr\u00fcheren Lieferungen stellen als solche keinen Mangel dar.<\/p>\n<p>2.2. Der Vertragspartner tr\u00e4gt das Risiko fu\u0308r alle Umst\u00e4nde, die nicht in der Person des Videografen liegen, wie Wetterlage bei Au\u00dfenaufnahmen, rechtzeitige Bereitstellung von Produkten und Requisiten, Ausfall von Modellen, Reisebehinderungen etc..<\/p>\n<p>2.3. Fu\u0308r feste Auftragstermine wird im Fall von Lieferverz\u00f6gerungen oder Lieferausf\u00e4llen nur bei ausdr\u00fccklicher schriftlicher Vereinbarung gehaftet.<\/p>\n<p>2.4. Geringf\u00fcgige Lieferfrist\u00fcberschreitungen sind jedenfalls zu akzeptieren, ohne dass dem Vertragspartner ein Schadenersatzanspruch oder ein R\u00fccktrittsrecht zusteht.<\/p>\n<h2>3. Ver\u00f6ffentlichungsrecht<\/h2>\n<p>3.1. manimedia, Ihn. Markus Nick beh\u00e4lt sich das uneingeschr\u00e4nkte Recht vor, das von ihr erstellte Filmmaterial auf der Plattform YouTube und anderen Online-Plattformen zu ver\u00f6ffentlichen, zu teilen und zu verbreiten, sofern nicht schriftlich anders vereinbart. Durch die Zusammenarbeit mit manimedia, Ihn. Markus Nick stimmt der Kunde ausdr\u00fccklich zu, dass manimedia, Ihn. Markus Nick das Recht hat, das produzierte Filmmaterial in der genannten Weise zu nutzen.<\/p>\n<p>3.2. Der Kunde best\u00e4tigt, dass er im Besitz aller erforderlichen Rechte, Lizenzen und Genehmigungen f\u00fcr die im Filmmaterial enthaltenen Inhalte ist und dass die Ver\u00f6ffentlichung auf YouTube und anderen Plattformen nicht gegen geltende Gesetze oder Rechte Dritter verst\u00f6\u00dft.<\/p>\n<p>3.3. manimedia, Ihn. Markus Nick \u00fcbernimmt keine Haftung f\u00fcr etwaige Anspr\u00fcche oder Klagen, die sich aus der Ver\u00f6ffentlichung des Filmmaterials auf YouTube oder anderen Plattformen ergeben k\u00f6nnen. Der Kunde erkl\u00e4rt sich damit einverstanden, manimedia, Ihn. Markus Nick von jeglicher Haftung in diesem Zusammenhang freizustellen.<\/p>\n<p>3.4. Der Kunde erkl\u00e4rt sich damit einverstanden, dass im Rahmen des Drehs entstandene Fotos und Videos f\u00fcr Zwecke des Social Media Marketings verwendet werden d\u00fcrfen. Diese Einwilligung umfasst die Ver\u00f6ffentlichung der Fotos und Videos auf den Social Media Kan\u00e4len des Unternehmens. Der Kunde kann diese Einwilligung jederzeit ohne Angabe von Gr\u00fcnden widerrufen.<\/p>\n<h2>4. Gerichtsstand<\/h2>\n<p>Erf\u00fcllungsort und Gerichtsstand f\u00fcr alle Streitigkeiten und Verbindlichkeiten ist der Sitz von manimedia Inh. Markus Nick, 76228 Karlsruhe.<\/p>\n<h2>5. Sonstiges<\/h2>\n<p>5.1. F\u00fcr alle Rechtsbeziehungen zwischen Auftragnehmer und Auftraggeber gilt deutsches Recht.<\/p>\n<p>5.2. Der Auftragnehmer erkl\u00e4rt sein Einverst\u00e4ndnis damit, dass der Auftraggeber seine im Rahmen der Gesch\u00e4ftsbeziehungen zugehenden, personenbezogenen Daten speichert und im Rahmen der <a href=\"https:\/\/manimedia.de\/datenschutz\/\">Datenschutzerkl\u00e4rung<\/a> handelt.<\/p>\n<p>5.3. Sollte eine Bestimmung dieser Gesch\u00e4ftsbedingungen oder eine Bestimmung im Rahmen sonstiger Vereinbarungen zwischen manimedia und dem Auftragnehmer ganz oder teilweise unwirksam sein oder werden, so wird hiervon die Wirksamkeit der sonstigen Bestimmungen oder Vereinbarungen nicht ber\u00fchrt. Unwirksame Bestimmungen oder Vereinbarungen sind durch wirksame zu ersetzen, die dem angestrebten wirtschaftlichen Zweck am n\u00e4chsten kommen.<\/p>\n<h2>6. Rechtliches<\/h2>\n<p>Der Auftraggeber versichert, dass gegen Ihn keine Privatinsolvenz l\u00e4uft und dass keine Eidesstattliche Versicherung bzgl. des Privatverm\u00f6gens geleistet wurde.<\/p>\n<h1 align=\"center\">AGB-Erg\u00e4nzung zur Vermietung von Fotografie-Ausr\u00fcstung (g\u00fcltig ab 01.01.2023)<\/h1>\n<h2>1. Geltungsbereich<\/h2>\n<p>Die Vermietung erfolgt ausschlie\u00dflich aufgrund dieser Mietvereinbarung und des zugeh\u00f6rigen Mietvertrags (vgl. 19). Nebenvereinbarungen sowie abweichende Vereinbarungen m\u00fcssen schriftlich festgehalten werden. Vertr\u00e4ge bed\u00fcrfen zu ihrem Zustandekommen unserer schriftlichen Best\u00e4tigung. Alle Vereinbarungen nach Vertragsschluss, auch \u00c4nderungen, Aufhebungen oder Erg\u00e4nzungen bed\u00fcrfen zu ihrem Zustandekommen unserer schriftlichen Best\u00e4tigung.<\/p>\n<h2>2. Eigentumsschutz<\/h2>\n<p>Der Mietgegenstand bleibt mit all seinen Bestandteilen und Zubeh\u00f6r Eigentum von Markus Nick, dem Inhaber von manimedia. Eine Weitergabe\/Weitervermietung\/Schenkung des gemieteten Objektes an Dritte ist unzul\u00e4ssig.<\/p>\n<h2>3. Mietpreis<\/h2>\n<p>Der Mietpreis versteht sich inklusive der gesetzlichen Mehrwertsteuer ab Standort \u201eAn der Raumfabrik 35, 76227 Karlsruhe\u201c. Preis\u00e4nderungen durch Irrt\u00fcmer sind vorbehalten. Aufrechnungen seitens des Mieters sind unzul\u00e4ssig. Der Mietpreis zzgl. aller vereinbarten weiteren Kosten wie Versandkosten oder Versicherungskosten sind vor Beginn der Mietdauer zu entrichten. Eine Stornierung ist bis zum Vortag der Vermietung m\u00f6glich. Die Stornogeb\u00fchr betr\u00e4gt 50% des Auftragswertes.<\/p>\n<h2>4. Kaution<\/h2>\n<p>Eine Kaution ist auf Verlangen des Vermieters zu hinterlegen. Die Kaution ist vor der Anmietung zu hinterlegen. Die Kaution richtet sich nach dem Wiederanschaffungswert des vermieteten Produktes und dient als Entsch\u00e4digung im Falle einer Besch\u00e4digung oder Entwendung. Der Mieter erh\u00e4lt die Kaution unverz\u00fcglich zur\u00fcck, wenn die Mietgegenst\u00e4nde in unversehrtem Zustand an den Vermieter zur\u00fcckgegeben wurden. Unversehrt bezeichnet in diesem Kontext einen Zustand, der vom Vermieter nicht beanstandet wird.<\/p>\n<h2>5. Nachberechnung<\/h2>\n<p>Die Nachberechnung erfolgt, sobald das Equipment nicht p\u00fcnktlich zur vertraglich vereinbarten Zeit zur\u00fcckgesandt oder zur\u00fcckgegeben wird. Die Nachberechnung erfolgt stets zu vollen Kalendertagen.<\/p>\n<h2>6. Mietzeit<\/h2>\n<p>Die Mietzeit wird im Mietvertrag vereinbart. Es werden immer nur ganze Tage berechnet. Die mind. Mietzeit betr\u00e4gt einen Kalendertag. Bei einer vorzeitigen R\u00fcckgabe erfolgt keine R\u00fcckverg\u00fctung. Die Ausleihe und R\u00fcckgabe an Samstagen und Sonntagen ist nicht m\u00f6glich. Samstage und Sonntage werden als gew\u00f6hnliche Tage bei der Abrechnung betrachtet.<\/p>\n<h2>7. Zahlungsbedingungen<\/h2>\n<p>Die Zahlung der Mietgeb\u00fchr, Kaution und sonstige Leistungen kann per Bank\u00fcberweisung oder PayPal erfolgen. Die Zahlungen erfolgen im Voraus bei Abholung An der Raumfabrik 35.<\/p>\n<h2>8. Schadensersatzanspr\u00fcche\/Haftungsausschl\u00fcsse<\/h2>\n<p>Schadensersatzanspr\u00fcche des Mieters, gleichg\u00fcltig aus welchem Rechtsgrund, insbesondere wegen Schlechterf\u00fcllung, Verletzung von Nebenpflichten und Verschulden bei Vertragsverhandlungen sowie aus unerlaubter Handlung werden ausgeschlossen. F\u00fcr Sch\u00e4den und Folgesch\u00e4den \u00fcbernimmt der Vermieter keinerlei Haftung oder Verpflichtung zu Schadensersatz, gleich aus welchem Rechtsgrund. Der Haftungsausschluss betrifft insbesondere Nichtzustandekommen des Mietvertrages wegen Besch\u00e4digung oder Totalausfall des Mietgegenstandes auf dem Transportweg oder beim Mieter sowie wegen Nichtverf\u00fcgbarkeit der Ger\u00e4te, z.B. wegen zu sp\u00e4ter R\u00fcckgabe des Ger\u00e4ts durch andere Mieter oder Technikausfall vor Vermietungsbeginn. Ebenso \u00fcbernimmt der Vermieter keine Haftung f\u00fcr versp\u00e4tete Anlieferung, Nichtlieferung oder bei auftretenden Funktionsst\u00f6rungen oder Totalausfall des Mietgegenstandes und jeden sich daraus ergebenden Folgeschaden, sei es nun unmittelbarer oder mittelbarer Art, einschlie\u00dflich Verdienstausfall oder entgangener Gewinn. Eine Haftung des Vermieters f\u00fcr Sach- und Personensch\u00e4den, die sich aus dem Mietgebrauch ergeben k\u00f6nnten, sind ausgeschlossen. Dem Vermieter wird zudem das Recht einger\u00e4umt, jederzeit ohne n\u00e4here Angabe von Gr\u00fcnden vom Mietvertrag zur\u00fcckzutreten.<\/p>\n<h2>9. M\u00e4ngelr\u00fcgen\/Pflichten des Mieters\/Haftung des Mieters<\/h2>\n<p>Der Mieter hat unmittelbar beim Empfang des Mietger\u00e4ts dieses auf Unversehrtheit, Funktionst\u00fcchtigkeit und Vollst\u00e4ndigkeit zu \u00fcberpr\u00fcfen. Er verpflichtet sich zum sorgf\u00e4ltigen Umgang mit den gemieteten Ger\u00e4ten. Die beiliegenden und m\u00fcndlichen Anweisungen sind zu befolgen. Er haftet f\u00fcr aufkommende Sch\u00e4den infolge von Fahrl\u00e4ssigkeit, grober Fahrl\u00e4ssigkeit, Zerst\u00f6rung durch h\u00f6here Gewalt, Verlust oder Diebstahl. Mietobjekte sind inkl. Zubeh\u00f6r zum vereinbarten Termin in einwandfreiem Zustand zur\u00fcckzugeben. Der Mieter haftet f\u00fcr abhanden gekommenes Zubeh\u00f6r und dem Mietger\u00e4t selbst, zum Preis der Neubeschaffung. Die Ger\u00e4te gelten als in einwandfreiem Zustand \u00fcbernommen, soweit evtl. M\u00e4ngel nicht bei der Empfangnahme ausdr\u00fccklich ger\u00fcgt werden.<\/p>\n<h2>10. Wertminderung<\/h2>\n<p>Kommt es zu Sch\u00e4den, starker Abnutzung, \u00fcberm\u00e4\u00dfiger Beanspruchung, Verschlei\u00df, Kratzer oder sonstigen oberfl\u00e4chlichen und optischen Sch\u00e4den, beh\u00e4lt sich der Vermieter vor, eine Wertminderung zu berechnen. Wird die Funktion durch die Besch\u00e4digungen oder Abnutzung beeintr\u00e4chtigt, wird dieser Schaden instandgesetzt und berechnet. Eine Verschmutzung des Sensors bei Kameras wird nach Pr\u00fcfung gesondert in Rechnung gestellt.<\/p>\n<h2>11. Gefahren\u00fcbergang<\/h2>\n<p>Die Gefahr geht auf den Mieter \u00fcber, sobald er den Mietvertrag unterschrieben hat.<\/p>\n<h2>12. R\u00fcckgabe defekter Mietger\u00e4te\/Haftung des Mieters<\/h2>\n<p>Gibt der Mieter den Mietgegenstand defekt zur\u00fcck, so wird die erhobene Kaution zun\u00e4chst einbehalten. Der Vermieter hat das Recht den Mietgegenstand fachgerecht reparieren zu lassen bzw. im Falle der Unm\u00f6glichkeit oder Unwirtschaftlichkeit einer Reparatur Ersatzger\u00e4te zu kaufen. Die Kosten werden dem Mieter in Rechnung gestellt, falls die Reparatur bzw. Neuanschaffung die Kaution \u00fcbersteigen sollte. \u00dcbersteigt die Kaution die Reparaturkosten bzw. den Wiederbeschaffungswert der Mietgegenst\u00e4nde, so bekommt der Mieter die Differenz erstattet.<\/p>\n<h2>13. Fristlose K\u00fcndigung<\/h2>\n<p>Kommt der Mieter wesentlichen vertraglichen Verpflichtungen nicht nach, so kann der Vermieter diesen Vertrag fristlos k\u00fcndigen. Dies gilt auch, wenn \u00fcber das Verm\u00f6gen des Mieters ein Insolvenzverfahren er\u00f6ffnet wird oder der Verdacht der Zahlungsunf\u00e4higkeit besteht.<\/p>\n<h2>14. Mindestalter<\/h2>\n<p>Der Mieter muss voll gesch\u00e4ftsf\u00e4hig sein. Bei der \u00dcbergabe des Mietger\u00e4ts wird die Einsicht des Personalausweises verlangt.<\/p>\n<h2>15. Pflichten des Mieters<\/h2>\n<p>15.1. Der Mieter ist verpflichtet, geeignete Ma\u00dfnahmen zum Schutz der Ger\u00e4te zu treffen, insbesondere zum Schutz vor Umwelteinfl\u00fcssen, wie Hitze, starker Sonneneinstrahlung, Sand, Staub, Feuchtigkeit, Meerwasser oder Regen, etc. sowie zum Schutz bei Luft-, Fahrzeug-, Hochgebirgs-, Unterwasser-, Hochsee-, oder Standaufnahmen. Der Mieter hat m\u00f6gliche Gefahren f\u00fcr die Mietgegenst\u00e4nde vor der Nutzung abzusch\u00e4tzen und hat sich deshalb u.a. auch rechtzeitig \u00fcber drohende Wetterwechsel zu informieren. Der Mieter ist verpflichtet, die Ger\u00e4te sorgf\u00e4ltig gegen Abhandenkommen und Diebstahl zu sichern. Die Ger\u00e4te sind beim Be- und Entladen sowie f\u00fcr den Transport durch eine geeignete Verpackung gegen Sto\u00df, Sturz- und Ersch\u00fctterungssch\u00e4den zu sch\u00fctzen.<\/p>\n<p>15.2. Der Mieter ist verpflichtet, auftretende Sch\u00e4den (sei es durch eigenes Verschulden, Zufall oder durch Einwirkungen Dritter) unverz\u00fcglich bei manimedia zu melden.<\/p>\n<p>15.3. Bei Unf\u00e4llen oder Sch\u00e4den ist der Mieter verpflichtet, s\u00e4mtliche zur Anspruchsverteidigung oder Anspruchsdurchsetzung erforderlichen Ma\u00dfnahmen zu ergreifen und unsere Interessen und die der Versicherungsgesellschaft bestm\u00f6glich zu unterst\u00fctzen (z.B. Feststellung der Identit\u00e4t der Beteiligten, deren Versicherung, Schadensaufnahme durch die \u00f6rtliche Polizei, etc.). Der Mieter hat manimedia im Fall eines Unfalls unverz\u00fcglich, soweit m\u00f6glich schon vom Unfallort aus zu informieren und die angemessenen Anweisungen unserer Mitarbeiter zu unserer Interessenswahrung zu befolgen.<\/p>\n<p>15.4. Der Einsatz der Ger\u00e4te in Unruhegebieten, insbesondere in B\u00fcrgerkriegsgebieten und Kriegsgebieten sowie in Katastrophengebieten und Gebieten mit radioaktiver Strahlung ist unzul\u00e4ssig.<\/p>\n<p>15.5. Der Mieter hat manimedia von gerichtlichen Vollstreckungsma\u00dfnahmen, die unser Eigentum betreffen, unverz\u00fcglich zu unterrichten. Er tr\u00e4gt die Kosten aller Interventionsma\u00dfnahmen zum Schutze unserer Eigentums- und Besitzrechte sowie etwaige Sch\u00e4den, die durch Mietausfall aufgrund von Vollstreckungsma\u00dfnahmen entstehen.<\/p>\n<h2>16. Widerrufsrecht<\/h2>\n<p>Sie k\u00f6nnen Ihre Vertragserkl\u00e4rung innerhalb von 14 Tagen ohne Angabe von Gr\u00fcnden in Textform (z.B. Brief, Fax, E-Mail) widerrufen. Die Frist beginnt nach Erhalt dieser Belehrung in Textform. Zur Wahrung der Widerrufsfrist gen\u00fcgt die rechtzeitige Absendung des Widerrufs. Der Widerruf ist zu richten an:<\/p>\n<p>Markus Nick, Hinterm Zaun 24, 76228 Karlsruhe<br \/>\nE-Mail: kontakt@manimedia.de<\/p>\n<p>Besondere Hinweise<br \/>\nDas Widerrufsrecht des Mieters erlischt vorzeitig, wenn der Vermieter mit der Ausf\u00fchrung der Dienstleistung mit Zustimmung des Mieters vor Ende der Widerrufsfrist begonnen hat oder der Mieter dies selbst veranlasst hat. Dies ist der Fall, wenn die Mietgegenst\u00e4nde zu Beginn der vereinbarten Mietzeit nach Unterzeichnung des Mietvertrages an den Mieter \u00fcbergeben wurden. Die Vorlage des Mietvertrags kann <a href=\"https:\/\/manimedia.de\/wp-content\/uploads\/2024\/01\/Mietvertrag%20manimedia.pdf\" target=\"_blank\" rel=\"noopener\">hier<\/a> eingesehen werden.<\/p>\n<h2>17. Gerichtsstand<\/h2>\n<p>Erf\u00fcllungsort und Gerichtsstand f\u00fcr alle Streitigkeiten und Verbindlichkeiten ist der Sitz des Vermieters, 76227 Karlsruhe.<\/p>\n<h2>18. Sonstiges<\/h2>\n<p>18.1. F\u00fcr alle Rechtsbeziehungen zwischen Mieter und Vermieter gilt deutsches Recht.<\/p>\n<p>18.2. Der Mieter erkl\u00e4rt sein Einverst\u00e4ndnis damit, dass der Vermieter seine im Rahmen der Gesch\u00e4ftsbeziehungen zugehenden, personenbezogenen Daten speichert und im Rahmen der <a href=\"https:\/\/manimedia.de\/datenschutz\/\">Datenschutzerkl\u00e4rung<\/a> handelt.<\/p>\n<p>18.3. Sollte eine Bestimmung dieser Gesch\u00e4ftsbedingungen oder eine Bestimmung im Rahmen sonstiger Vereinbarungen zwischen manimedia und dem Mieter ganz oder teilweise unwirksam sein oder werden, so wird hiervon die Wirksamkeit der sonstigen Bestimmungen oder Vereinbarungen nicht ber\u00fchrt. Unwirksame Bestimmungen oder Vereinbarungen sind durch wirksame zu ersetzen, die dem angestrebten wirtschaftlichen Zweck am n\u00e4chsten kommen.<\/p>\n<h2>19. Rechtliches<\/h2>\n<p>Der Mieter versichert, dass gegen Ihn keine Privatinsolvenz l\u00e4uft und dass keine Eidesstattliche Versicherung bzgl. des Privatverm\u00f6gens geleistet wurde.<\/p>\n<h2>20. Mietvertrag<\/h2>\n<p>Eine aktuelle Vorlage f\u00fcr die Mietvertr\u00e4ge ist <a href=\"https:\/\/manimedia.de\/wp-content\/uploads\/2024\/01\/Mietvertrag%20manimedia.pdf\" target=\"_blank\" rel=\"noopener\">hier<\/a> einsehbar.<\/p>\n<p>&nbsp;<\/p>\n","protected":false},"excerpt":{"rendered":"<p>Allgemeine Gesch\u00e4ftsbedingungen von manimedia, Inhaber Markus Nick (g\u00fcltig ab 01.01.2023) 1. Verlust und Besch\u00e4digungen Im Fall des Verlusts oder der Besch\u00e4digung der durch manimedia Inh. Markus Nick durchgef\u00fchrten Aufnahmen besteht kein Schadensersatzanspruch f\u00fcr den Auftraggeber. Manimedia haftet insbesondere nicht fu\u0308r entgangenen Gewinn, Folgesch\u00e4den und immaterielle Scha\u0308den der Auftraggeber. Schadenersatzanspr\u00fcche bestehen nur, wenn vom Gescha\u0308digten grobe&hellip;<\/p>\n","protected":false},"author":1,"featured_media":0,"parent":0,"menu_order":0,"comment_status":"closed","ping_status":"closed","template":"","meta":{"_acf_changed":false,"footnotes":""},"class_list":["post-2745","page","type-page","status-publish","hentry"],"translation":{"provider":"WPGlobus","version":"3.0.2","language":"en","enabled_languages":["de","en"],"languages":{"de":{"title":true,"content":true,"excerpt":false},"en":{"title":true,"content":false,"excerpt":false}}},"acf":[],"yoast_head":"<!-- This site is optimized with the Yoast SEO plugin v27.4 - https:\/\/yoast.com\/product\/yoast-seo-wordpress\/ -->\n<title>AGB<\/title>\n<meta name=\"robots\" content=\"index, follow, max-snippet:-1, max-image-preview:large, max-video-preview:-1\" \/>\n<link rel=\"canonical\" href=\"https:\/\/manimedia.de\/agb\/\" \/>\n<meta property=\"og:locale\" content=\"en_US\" \/>\n<meta property=\"og:type\" content=\"article\" \/>\n<meta property=\"og:title\" content=\"AGB\" \/>\n<meta property=\"og:url\" content=\"https:\/\/manimedia.de\/agb\/\" \/>\n<meta property=\"og:site_name\" content=\"manimedia\" \/>\n<meta property=\"article:modified_time\" content=\"2024-07-05T08:44:11+00:00\" \/>\n<meta name=\"twitter:card\" content=\"summary_large_image\" \/>\n<meta name=\"twitter:label1\" content=\"Est. reading time\" \/>\n\t<meta name=\"twitter:data1\" content=\"11 minutes\" \/>\n<script type=\"application\/ld+json\" class=\"yoast-schema-graph\">{\"@context\":\"https:\\\/\\\/schema.org\",\"@graph\":[{\"@type\":\"WebPage\",\"@id\":\"https:\\\/\\\/manimedia.de\\\/agb\\\/\",\"url\":\"https:\\\/\\\/manimedia.de\\\/agb\\\/\",\"name\":\"GTC\",\"isPartOf\":{\"@id\":\"https:\\\/\\\/manimedia.de\\\/#website\"},\"datePublished\":\"2023-11-15T10:15:24+00:00\",\"dateModified\":\"2024-07-05T08:44:11+00:00\",\"breadcrumb\":{\"@id\":\"https:\\\/\\\/manimedia.de\\\/agb\\\/#breadcrumb\"},\"inLanguage\":\"en-US\",\"potentialAction\":[{\"@type\":\"ReadAction\",\"target\":[\"https:\\\/\\\/manimedia.de\\\/agb\\\/\"]}]},{\"@type\":\"BreadcrumbList\",\"@id\":\"https:\\\/\\\/manimedia.de\\\/agb\\\/#breadcrumb\",\"itemListElement\":[{\"@type\":\"ListItem\",\"position\":1,\"name\":\"Startseite\",\"item\":\"https:\\\/\\\/manimedia.de\\\/\"},{\"@type\":\"ListItem\",\"position\":2,\"name\":\"AGB\"}]},{\"@type\":\"WebSite\",\"@id\":\"https:\\\/\\\/manimedia.de\\\/#website\",\"url\":\"https:\\\/\\\/manimedia.de\\\/\",\"name\":\"manimedia\",\"description\":\"creative agency for video production\",\"publisher\":{\"@id\":\"https:\\\/\\\/manimedia.de\\\/#organization\"},\"potentialAction\":[{\"@type\":\"SearchAction\",\"target\":{\"@type\":\"EntryPoint\",\"urlTemplate\":\"https:\\\/\\\/manimedia.de\\\/?s={search_term_string}\"},\"query-input\":{\"@type\":\"PropertyValueSpecification\",\"valueRequired\":true,\"valueName\":\"search_term_string\"}}],\"inLanguage\":\"en-US\"},{\"@type\":\"Organization\",\"@id\":\"https:\\\/\\\/manimedia.de\\\/#organization\",\"name\":\"manimedia | Videoproduktion & Livestreams aus Karlsruhe\",\"url\":\"https:\\\/\\\/manimedia.de\\\/\",\"logo\":{\"@type\":\"ImageObject\",\"inLanguage\":\"en-US\",\"@id\":\"https:\\\/\\\/manimedia.de\\\/#\\\/schema\\\/logo\\\/image\\\/\",\"url\":\"\",\"contentUrl\":\"\",\"caption\":\"manimedia | Videoproduktion & Livestreams aus Karlsruhe\"},\"image\":{\"@id\":\"https:\\\/\\\/manimedia.de\\\/#\\\/schema\\\/logo\\\/image\\\/\"},\"sameAs\":[\"https:\\\/\\\/www.linkedin.com\\\/company\\\/manimedia\\\/\",\"https:\\\/\\\/www.instagram.com\\\/manimedia_ka\\\/\",\"https:\\\/\\\/www.youtube.com\\\/@manimedia_ka\"]}]}<\/script>\n<!-- \/ Yoast SEO plugin. -->","yoast_head_json":{"title":"AGB","robots":{"index":"index","follow":"follow","max-snippet":"max-snippet:-1","max-image-preview":"max-image-preview:large","max-video-preview":"max-video-preview:-1"},"canonical":"https:\/\/manimedia.de\/agb\/","og_locale":"en_US","og_type":"article","og_title":"AGB","og_url":"https:\/\/manimedia.de\/agb\/","og_site_name":"manimedia","article_modified_time":"2024-07-05T08:44:11+00:00","twitter_card":"summary_large_image","twitter_misc":{"Est. reading time":"11 minutes"},"schema":{"@context":"https:\/\/schema.org","@graph":[{"@type":"WebPage","@id":"https:\/\/manimedia.de\/agb\/","url":"https:\/\/manimedia.de\/agb\/","name":"GTC","isPartOf":{"@id":"https:\/\/manimedia.de\/#website"},"datePublished":"2023-11-15T10:15:24+00:00","dateModified":"2024-07-05T08:44:11+00:00","breadcrumb":{"@id":"https:\/\/manimedia.de\/agb\/#breadcrumb"},"inLanguage":"en-US","potentialAction":[{"@type":"ReadAction","target":["https:\/\/manimedia.de\/agb\/"]}]},{"@type":"BreadcrumbList","@id":"https:\/\/manimedia.de\/agb\/#breadcrumb","itemListElement":[{"@type":"ListItem","position":1,"name":"Startseite","item":"https:\/\/manimedia.de\/"},{"@type":"ListItem","position":2,"name":"AGB"}]},{"@type":"WebSite","@id":"https:\/\/manimedia.de\/#website","url":"https:\/\/manimedia.de\/","name":"manimedia","description":"creative agency for video production","publisher":{"@id":"https:\/\/manimedia.de\/#organization"},"potentialAction":[{"@type":"SearchAction","target":{"@type":"EntryPoint","urlTemplate":"https:\/\/manimedia.de\/?s={search_term_string}"},"query-input":{"@type":"PropertyValueSpecification","valueRequired":true,"valueName":"search_term_string"}}],"inLanguage":"en-US"},{"@type":"Organization","@id":"https:\/\/manimedia.de\/#organization","name":"manimedia | Videoproduktion & Livestreams aus Karlsruhe","url":"https:\/\/manimedia.de\/","logo":{"@type":"ImageObject","inLanguage":"en-US","@id":"https:\/\/manimedia.de\/#\/schema\/logo\/image\/","url":"","contentUrl":"","caption":"manimedia | Videoproduktion & Livestreams aus Karlsruhe"},"image":{"@id":"https:\/\/manimedia.de\/#\/schema\/logo\/image\/"},"sameAs":["https:\/\/www.linkedin.com\/company\/manimedia\/","https:\/\/www.instagram.com\/manimedia_ka\/","https:\/\/www.youtube.com\/@manimedia_ka"]}]}},"_links":{"self":[{"href":"https:\/\/manimedia.de\/en\/wp-json\/wp\/v2\/pages\/2745","targetHints":{"allow":["GET"]}}],"collection":[{"href":"https:\/\/manimedia.de\/en\/wp-json\/wp\/v2\/pages"}],"about":[{"href":"https:\/\/manimedia.de\/en\/wp-json\/wp\/v2\/types\/page"}],"author":[{"embeddable":true,"href":"https:\/\/manimedia.de\/en\/wp-json\/wp\/v2\/users\/1"}],"replies":[{"embeddable":true,"href":"https:\/\/manimedia.de\/en\/wp-json\/wp\/v2\/comments?post=2745"}],"version-history":[{"count":13,"href":"https:\/\/manimedia.de\/en\/wp-json\/wp\/v2\/pages\/2745\/revisions"}],"predecessor-version":[{"id":6225,"href":"https:\/\/manimedia.de\/en\/wp-json\/wp\/v2\/pages\/2745\/revisions\/6225"}],"wp:attachment":[{"href":"https:\/\/manimedia.de\/en\/wp-json\/wp\/v2\/media?parent=2745"}],"curies":[{"name":"wp","href":"https:\/\/api.w.org\/{rel}","templated":true}]}}