{"id":3359,"date":"2015-03-19T17:54:23","date_gmt":"2015-03-19T17:54:23","guid":{"rendered":"http:\/\/demo-content.kaliumtheme.com\/main\/?page_id=3359"},"modified":"2025-05-26T14:22:58","modified_gmt":"2025-05-26T13:22:58","slug":"video-production-livestreams-from-karlsruhe-manimedia","status":"publish","type":"page","link":"https:\/\/manimedia.de\/en\/","title":{"rendered":"Video Production Karlsruhe | manimedia"},"content":{"rendered":"<div class=\"wpb-content-wrapper\"><p>[vc_row full_width=&#8221;stretch_row_content_no_spaces&#8221;][vc_column]\t\t\t<script src=\"\/\/manimedia.de\/wp-content\/plugins\/revslider\/sr6\/assets\/js\/rbtools.min.js?rev=6.7.15\"><\/script>\n\t\t\t<script src=\"\/\/manimedia.de\/wp-content\/plugins\/revslider\/sr6\/assets\/js\/rs6.min.js?rev=6.7.15\"><\/script>\n\n\t\t\t<!-- START Homepage REVOLUTION SLIDER 6.7.15 --><p class=\"rs-p-wp-fix\"><\/p>\n\t\t\t<rs-module-wrap id=\"rev_slider_13_1_wrapper\" data-source=\"gallery\" style=\"visibility:hidden;background:#eeeeee;padding:0;\">\n\t\t\t\t<rs-module id=\"rev_slider_13_1\" style=\"\" data-version=\"6.7.15\">\n\t\t\t\t\t<rs-slides style=\"overflow: hidden; position: absolute;\">\n\t\t\t\t\t\t<rs-slide style=\"position: absolute;\" data-key=\"rs-22\" data-title=\"Video\" data-anim=\"adpr:false;\" data-in=\"o:0;\" data-out=\"a:false;\">\n\t\t\t\t\t\t\t<img decoding=\"async\" src=\"\/\/manimedia.de\/wp-content\/plugins\/revslider\/sr6\/assets\/assets\/dummy.png\" alt=\"\" title=\"Video Production Karlsruhe | manimedia\" class=\"rev-slidebg tp-rs-img rs-lazyload\" data-lazyload=\"\/\/manimedia.de\/wp-content\/plugins\/revslider\/sr6\/assets\/assets\/transparent.png\" data-parallax=\"off\" data-no-retina>\n\t\t\t\t\t\t\t<rs-bgvideo \n\t\t\t\t\t\t\t\tdata-video=\"w:100%;h:100%;nse:false;l:true;ptimer:false;vfc:true;\"\n\t\t\t\t\t\t\t\tdata-mp4=\"\/\/manimedia.de\/wp-content\/uploads\/2024\/01\/manimedia_showreel_2024-01_neu_5mbitsH265.mp4\"\n\t\t\t\t\t\t\t><\/rs-bgvideo>\n<!---->\t\t\t\t\t<\/rs-slide>\n\t\t\t\t\t<\/rs-slides>\n\t\t\t\t\t<rs-static-layers><!--\n\t\t\t\t\t--><\/rs-static-layers>\n\t\t\t\t<\/rs-module>\n\t\t\t\t<script>\n\t\t\t\t\tsetREVStartSize({c: 'rev_slider_13_1',rl:[1240,1024,778,480],el:[700,768,960,720],gw:[1140,1024,778,480],gh:[700,768,960,720],type:'standard',justify:'',layout:'fullscreen',offsetContainer:'',offset:'',mh:\"0\"});if (window.RS_MODULES!==undefined && window.RS_MODULES.modules!==undefined && window.RS_MODULES.modules[\"revslider131\"]!==undefined) {window.RS_MODULES.modules[\"revslider131\"].once = false;window.revapi13 = undefined;if (window.RS_MODULES.checkMinimal!==undefined) window.RS_MODULES.checkMinimal()}\n\t\t\t\t<\/script>\n\t\t\t<\/rs-module-wrap>\n\t\t\t<!-- END REVOLUTION SLIDER -->\n[\/vc_column][\/vc_row][vc_row][vc_column][vc_separator][vc_empty_space height=&#8221;44px&#8221;][\/vc_column][\/vc_row][vc_row][vc_column][vc_column_text css=&#8221;&#8221;]<\/p>\n<h1>Videoproduktion und Fotografie aus Karlsruhe<\/h1>\n<h3><\/h3>\n<!-- \/wp:post-content -->\n<h4><!-- \/wp:paragraph --><\/h4>\n<p>[\/vc_column_text][\/vc_column][\/vc_row][vc_row][vc_column width=&#8221;1\/2&#8243;][lab_text_autotype typed_text=&#8221;<\/p>\n<h3>Wir produzieren hochwertigen Video-, Foto- und Audio-Content f\u00fcr<\/h3>\n<h2>*Unternehmen; Produkte;Events;Marken;K\u00fcnstler*<\/h2>\n<p>Professionell. Dynamisch. Individuell.&#8221; typed_show_options=&#8221;yes&#8221; typed_options_loopcount=&#8221;-1&#8243; typed_options_typespeed=&#8221;44&#8243; typed_options_backspeed=&#8221;44&#8243; typed_options_startdelay=&#8221;1111&#8243; typed_options_backdelay=&#8221;1111&#8243;][\/vc_column][vc_column width=&#8221;1\/2&#8243;][vc_empty_space height=&#8221;20px&#8221;][vc_column_text css=&#8221;&#8221;]<\/p>\n<blockquote><p>Ich bin leidenschaftlicher <a href=\"https:\/\/manimedia.de\/team\/\">Filmemacher und Fotograf <\/a>aus Karlsruhe, der starke Bilder und ber\u00fchrende Kl\u00e4nge kreiert &#8211; auf allen Kan\u00e4len und f\u00fcr Kunden weltweit.<\/p>\n<p>Mein Ziel ist es, Ihre Zielgruppe nicht nur zu informieren, sondern nachhaltig zu inspirieren.<\/p>\n<p><a href=\"https:\/\/manimedia.de\/kontakt\/\">Kontaktieren Sie m<\/a>ich, um Ihr n\u00e4chstes Projekt zu besprechen.<\/p><\/blockquote>\n<p>[\/vc_column_text][\/vc_column][\/vc_row][vc_row][vc_column][vc_separator][\/vc_column][\/vc_row][vc_row][vc_column][lab_portfolio_items default_filter_category=&#8221;videoproduktion&#8221; filter_category_hide_all=&#8221;yes&#8221; portfolio_type=&#8221;type-2&#8243; columns=&#8221;3&#8243; portfolio_spacing=&#8221;yes&#8221; dynamic_image_height=&#8221;yes&#8221; more_link=&#8221;url:https%3A%2F%2Fmanimedia.de%2Fvideoproduktionen%2F|title:VIDEOPRODUKTIONEN&#8221; portfolio_query=&#8221;size:14|order_by:menu_order|post_type:portfolio&#8221;][\/vc_column][\/vc_row][vc_row][vc_column][vc_separator][\/vc_column][\/vc_row][vc_row][vc_column width=&#8221;1\/4&#8243;][vc_column_text]<\/p>\n<h3>Unsere Kunden sch\u00e4tzen unsere einzigartige Arbeitsweise \u2013 <em>Elan<\/em>, <em>Leichtigkeit<\/em> und <em>kreative Exzellenz<\/em>.<\/h3>\n<p>[\/vc_column_text][\/vc_column][vc_column width=&#8221;3\/4&#8243;][vc_images_carousel images=&#8221;1606,5716,1603,6239,6235,6236,1630,6238,5718,1624,6201,6200,6234,6202,6175,5717,5721,1629,1631,1628,1632,6237&#8243; img_size=&#8221;large&#8221; onclick=&#8221;link_no&#8221; speed=&#8221;2000&#8243; slides_per_view=&#8221;4&#8243; autoplay=&#8221;yes&#8221; hide_pagination_control=&#8221;yes&#8221; hide_prev_next_buttons=&#8221;yes&#8221; wrap=&#8221;yes&#8221; css=&#8221;&#8221;][\/vc_column][\/vc_row][vc_row][vc_column][vc_separator][\/vc_column][\/vc_row][vc_row][vc_column][vc_column_text css=&#8221;&#8221;]Andere Projekt von Markus Nick: <a href=\"http:\/\/www.ki-automatisierung.info\">www.ki-automatisierung.info<\/a>[\/vc_column_text][\/vc_column][\/vc_row]<\/p>\n<!-- \/wp:freeform --><\/div>","protected":false},"excerpt":{"rendered":"<p>[vc_row full_width=&#8221;stretch_row_content_no_spaces&#8221;][vc_column][\/vc_column][\/vc_row][vc_row][vc_column][vc_separator][vc_empty_space height=&#8221;44px&#8221;][\/vc_column][\/vc_row][vc_row][vc_column][vc_column_text css=&#8221;&#8221;] Videoproduktion und Fotografie aus Karlsruhe [\/vc_column_text][\/vc_column][\/vc_row][vc_row][vc_column width=&#8221;1\/2&#8243;][lab_text_autotype typed_text=&#8221; Wir produzieren hochwertigen Video-, Foto- und Audio-Content f\u00fcr *Unternehmen; Produkte;Events;Marken;K\u00fcnstler* Professionell. Dynamisch. Individuell.&#8221; typed_show_options=&#8221;yes&#8221; typed_options_loopcount=&#8221;-1&#8243; typed_options_typespeed=&#8221;44&#8243; typed_options_backspeed=&#8221;44&#8243; typed_options_startdelay=&#8221;1111&#8243; typed_options_backdelay=&#8221;1111&#8243;][\/vc_column][vc_column width=&#8221;1\/2&#8243;][vc_empty_space height=&#8221;20px&#8221;][vc_column_text css=&#8221;&#8221;] Ich bin leidenschaftlicher Filmemacher und Fotograf aus Karlsruhe, der starke Bilder und ber\u00fchrende Kl\u00e4nge kreiert &#8211; auf allen Kan\u00e4len und f\u00fcr&hellip;<\/p>\n","protected":false},"author":1,"featured_media":0,"parent":0,"menu_order":0,"comment_status":"closed","ping_status":"closed","template":"","meta":{"_acf_changed":false,"footnotes":""},"class_list":["post-3359","page","type-page","status-publish","hentry"],"translation":{"provider":"WPGlobus","version":"3.0.2","language":"en","enabled_languages":["de","en"],"languages":{"de":{"title":true,"content":true,"excerpt":false},"en":{"title":true,"content":false,"excerpt":false}}},"acf":[],"yoast_head":"<!-- This site is optimized with the Yoast SEO plugin v27.4 - https:\/\/yoast.com\/product\/yoast-seo-wordpress\/ -->\n<title>Video Production Karlsruhe<\/title>\n<meta name=\"description\" content=\"manimedia is your creative agency for video production and livestreams from Karlsruhe. We produce high-quality video, photo and audio content for companies, products, events, brands and artists worldwide. Our highly motivated team of specialists in film, photography, sound and storytelling handles every step, from idea to publication.\" \/>\n<meta name=\"robots\" content=\"index, follow, max-snippet:-1, max-image-preview:large, max-video-preview:-1\" \/>\n<link rel=\"canonical\" href=\"https:\/\/manimedia.de\/\" \/>\n<meta property=\"og:locale\" content=\"en_US\" \/>\n<meta property=\"og:type\" content=\"article\" \/>\n<meta property=\"og:title\" content=\"Video Production Karlsruhe\" \/>\n<meta property=\"og:description\" content=\"manimedia is your creative agency for video production and livestreams from Karlsruhe. We produce high-quality video, photo and audio content for companies, products, events, brands and artists worldwide. Our highly motivated team of specialists in film, photography, sound and storytelling handles every step, from idea to publication.\" \/>\n<meta property=\"og:url\" content=\"https:\/\/manimedia.de\/\" \/>\n<meta property=\"og:site_name\" content=\"manimedia\" \/>\n<meta property=\"article:modified_time\" content=\"2025-05-26T13:22:58+00:00\" \/>\n<meta name=\"twitter:card\" content=\"summary_large_image\" \/>\n<meta name=\"twitter:label1\" content=\"Est. reading time\" \/>\n\t<meta name=\"twitter:data1\" content=\"5 minutes\" \/>\n<script type=\"application\/ld+json\" class=\"yoast-schema-graph\">{\"@context\":\"https:\\\/\\\/schema.org\",\"@graph\":[{\"@type\":\"WebPage\",\"@id\":\"https:\\\/\\\/manimedia.de\\\/\",\"url\":\"https:\\\/\\\/manimedia.de\\\/\",\"name\":\"Videoproduktion Karlsruhe\",\"isPartOf\":{\"@id\":\"https:\\\/\\\/manimedia.de\\\/#website\"},\"datePublished\":\"2015-03-19T17:54:23+00:00\",\"dateModified\":\"2025-05-26T13:22:58+00:00\",\"description\":\"manimedia ist Ihre Kreativagentur f\u00fcr Videoproduktion und Livestreams aus Karlsruhe. Wir produzieren hochwertigen Video-, Foto- und Audio-Content f\u00fcr Unternehmen, Produkte, Events, Marken und K\u00fcnstler weltweit.\",\"breadcrumb\":{\"@id\":\"https:\\\/\\\/manimedia.de\\\/#breadcrumb\"},\"inLanguage\":\"en-US\",\"potentialAction\":[{\"@type\":\"ReadAction\",\"target\":[\"https:\\\/\\\/manimedia.de\\\/\"]}]},{\"@type\":\"BreadcrumbList\",\"@id\":\"https:\\\/\\\/manimedia.de\\\/#breadcrumb\",\"itemListElement\":[{\"@type\":\"ListItem\",\"position\":1,\"name\":\"Startseite\",\"item\":\"https:\\\/\\\/manimedia.de\\\/\"},{\"@type\":\"ListItem\",\"position\":2,\"name\":\"Videoproduktion Karlsruhe | manimedia\"}]},{\"@type\":\"WebSite\",\"@id\":\"https:\\\/\\\/manimedia.de\\\/#website\",\"url\":\"https:\\\/\\\/manimedia.de\\\/\",\"name\":\"manimedia\",\"description\":\"creative agency for video production\",\"publisher\":{\"@id\":\"https:\\\/\\\/manimedia.de\\\/#organization\"},\"potentialAction\":[{\"@type\":\"SearchAction\",\"target\":{\"@type\":\"EntryPoint\",\"urlTemplate\":\"https:\\\/\\\/manimedia.de\\\/?s={search_term_string}\"},\"query-input\":{\"@type\":\"PropertyValueSpecification\",\"valueRequired\":true,\"valueName\":\"search_term_string\"}}],\"inLanguage\":\"en-US\"},{\"@type\":\"Organization\",\"@id\":\"https:\\\/\\\/manimedia.de\\\/#organization\",\"name\":\"manimedia | Videoproduktion & Livestreams aus Karlsruhe\",\"url\":\"https:\\\/\\\/manimedia.de\\\/\",\"logo\":{\"@type\":\"ImageObject\",\"inLanguage\":\"en-US\",\"@id\":\"https:\\\/\\\/manimedia.de\\\/#\\\/schema\\\/logo\\\/image\\\/\",\"url\":\"\",\"contentUrl\":\"\",\"caption\":\"manimedia | Videoproduktion & Livestreams aus Karlsruhe\"},\"image\":{\"@id\":\"https:\\\/\\\/manimedia.de\\\/#\\\/schema\\\/logo\\\/image\\\/\"},\"sameAs\":[\"https:\\\/\\\/www.linkedin.com\\\/company\\\/manimedia\\\/\",\"https:\\\/\\\/www.instagram.com\\\/manimedia_ka\\\/\",\"https:\\\/\\\/www.youtube.com\\\/@manimedia_ka\"]}]}<\/script>\n<!-- \/ Yoast SEO plugin. -->","yoast_head_json":{"title":"Video Production Karlsruhe","description":"manimedia is your creative agency for video production and livestreams from Karlsruhe. We produce high-quality video, photo and audio content for companies, products, events, brands and artists worldwide. Our highly motivated team of specialists in film, photography, sound and storytelling handles every step, from idea to publication.","robots":{"index":"index","follow":"follow","max-snippet":"max-snippet:-1","max-image-preview":"max-image-preview:large","max-video-preview":"max-video-preview:-1"},"canonical":"https:\/\/manimedia.de\/","og_locale":"en_US","og_type":"article","og_title":"Video Production Karlsruhe","og_description":"manimedia is your creative agency for video production and livestreams from Karlsruhe. We produce high-quality video, photo and audio content for companies, products, events, brands and artists worldwide. Our highly motivated team of specialists in film, photography, sound and storytelling handles every step, from idea to publication.","og_url":"https:\/\/manimedia.de\/","og_site_name":"manimedia","article_modified_time":"2025-05-26T13:22:58+00:00","twitter_card":"summary_large_image","twitter_misc":{"Est. reading time":"5 minutes"},"schema":{"@context":"https:\/\/schema.org","@graph":[{"@type":"WebPage","@id":"https:\/\/manimedia.de\/","url":"https:\/\/manimedia.de\/","name":"Videoproduktion Karlsruhe","isPartOf":{"@id":"https:\/\/manimedia.de\/#website"},"datePublished":"2015-03-19T17:54:23+00:00","dateModified":"2025-05-26T13:22:58+00:00","description":"manimedia ist Ihre Kreativagentur f\u00fcr Videoproduktion und Livestreams aus Karlsruhe. Wir produzieren hochwertigen Video-, Foto- und Audio-Content f\u00fcr Unternehmen, Produkte, Events, Marken und K\u00fcnstler weltweit.","breadcrumb":{"@id":"https:\/\/manimedia.de\/#breadcrumb"},"inLanguage":"en-US","potentialAction":[{"@type":"ReadAction","target":["https:\/\/manimedia.de\/"]}]},{"@type":"BreadcrumbList","@id":"https:\/\/manimedia.de\/#breadcrumb","itemListElement":[{"@type":"ListItem","position":1,"name":"Startseite","item":"https:\/\/manimedia.de\/"},{"@type":"ListItem","position":2,"name":"Videoproduktion Karlsruhe | manimedia"}]},{"@type":"WebSite","@id":"https:\/\/manimedia.de\/#website","url":"https:\/\/manimedia.de\/","name":"manimedia","description":"creative agency for video production","publisher":{"@id":"https:\/\/manimedia.de\/#organization"},"potentialAction":[{"@type":"SearchAction","target":{"@type":"EntryPoint","urlTemplate":"https:\/\/manimedia.de\/?s={search_term_string}"},"query-input":{"@type":"PropertyValueSpecification","valueRequired":true,"valueName":"search_term_string"}}],"inLanguage":"en-US"},{"@type":"Organization","@id":"https:\/\/manimedia.de\/#organization","name":"manimedia | Videoproduktion & Livestreams aus Karlsruhe","url":"https:\/\/manimedia.de\/","logo":{"@type":"ImageObject","inLanguage":"en-US","@id":"https:\/\/manimedia.de\/#\/schema\/logo\/image\/","url":"","contentUrl":"","caption":"manimedia | Videoproduktion & Livestreams aus Karlsruhe"},"image":{"@id":"https:\/\/manimedia.de\/#\/schema\/logo\/image\/"},"sameAs":["https:\/\/www.linkedin.com\/company\/manimedia\/","https:\/\/www.instagram.com\/manimedia_ka\/","https:\/\/www.youtube.com\/@manimedia_ka"]}]}},"_links":{"self":[{"href":"https:\/\/manimedia.de\/en\/wp-json\/wp\/v2\/pages\/3359","targetHints":{"allow":["GET"]}}],"collection":[{"href":"https:\/\/manimedia.de\/en\/wp-json\/wp\/v2\/pages"}],"about":[{"href":"https:\/\/manimedia.de\/en\/wp-json\/wp\/v2\/types\/page"}],"author":[{"embeddable":true,"href":"https:\/\/manimedia.de\/en\/wp-json\/wp\/v2\/users\/1"}],"replies":[{"embeddable":true,"href":"https:\/\/manimedia.de\/en\/wp-json\/wp\/v2\/comments?post=3359"}],"version-history":[{"count":20,"href":"https:\/\/manimedia.de\/en\/wp-json\/wp\/v2\/pages\/3359\/revisions"}],"predecessor-version":[{"id":6537,"href":"https:\/\/manimedia.de\/en\/wp-json\/wp\/v2\/pages\/3359\/revisions\/6537"}],"wp:attachment":[{"href":"https:\/\/manimedia.de\/en\/wp-json\/wp\/v2\/media?parent=3359"}],"curies":[{"name":"wp","href":"https:\/\/api.w.org\/{rel}","templated":true}]}}