{"id":743,"date":"2023-02-24T17:28:14","date_gmt":"2023-02-24T17:28:14","guid":{"rendered":"https:\/\/manimedia.de\/?page_id=743"},"modified":"2024-02-06T13:00:47","modified_gmt":"2024-02-06T12:00:47","slug":"impressum","status":"publish","type":"page","link":"https:\/\/manimedia.de\/en\/impressum\/","title":{"rendered":"Impressum"},"content":{"rendered":"<h1>Impressum<\/h1>\n<h2 id=\"m46\">Diensteanbieter<\/h2>\n<p>manimedia<br \/>\nInh. Markus Nick<br \/>\nHinterm Zaun 24<br \/>\n76228 Karlsruhe<br \/>\nDeutschland<\/p>\n<h2 id=\"m56\">Kontaktm\u00f6glichkeiten<\/h2>\n<p>E-Mail-Adresse: <a href=\"mailto:kontakt@manimedia.de\">kontakt@manimedia.de<\/a><br \/>\nTelefon: +49 1577 7043630<br \/>\nKontaktformular: <a href=\"https:\/\/manimedia.de\/kontakt\/\" target=\"_blank\" rel=\"noopener\">https:\/\/manimedia.de\/kontakt\/<\/a><\/p>\n<h2 id=\"m154\">Journalistisch-redaktionelle Angebote<\/h2>\n<p>Inhaltlich verantwortlich: Markus Nick (Adresse wie oben)<\/p>\n<h2 id=\"m3589\">Audiovisuelle Mediendienste<\/h2>\n<p>Sitzland: Deutschland.<\/p>\n<p>Zust\u00e4ndige Regulierungs-, bzw. Aufsichtsbeh\u00f6rde: Landesanstalt f\u00fcr Kommunikation Baden-W\u00fcrttemberg (LFK), <a href=\"https:\/\/www.lfk.de\/\" target=\"_blank\" rel=\"noopener\">https:\/\/www.lfk.de\/<\/a><\/p>\n<h2 id=\"m58\">Angaben zum Unternehmen<\/h2>\n<p>Umsatzsteuer Identifikationsnummer (USt-ID): DE 333025508<br \/>\nAGB: <a href=\"https:\/\/manimedia.de\/agb\/\" target=\"_blank\" rel=\"noopener\">https:\/\/manimedia.de\/agb\/<\/a><\/p>\n<h2 id=\"m174\">Streitschlichtung und Verbraucherstreitbeilegung<\/h2>\n<p>Die Europ\u00e4ische Kommission stellt eine Plattform zur Online-Streitbeilegung (OS) bereit, die Sie unter <a href=\"https:\/\/ec.europa.eu\/consumers\/odr\/\" target=\"_blank\" rel=\"noopener\">https:\/\/ec.europa.eu\/consumers\/odr\/<\/a> finden. Verbraucher haben die M\u00f6glichkeit, diese Plattform f\u00fcr die Beilegung ihrer Streitigkeiten zu nutzen.<\/p>\n<p>Wir sind nicht bereit und nicht verpflichtet an einem Streitbeilegungsverfahren vor einer Verbraucherstreitschlichtungsstelle teilzunehmen.<\/p>\n<h2 id=\"m172\">Social Media und andere Onlinepr\u00e4senzen<\/h2>\n<p>Dieses Impressum gilt auch f\u00fcr die folgenden Social-Media-Pr\u00e4senzen und Onlineprofile:<\/p>\n<p><a href=\"https:\/\/www.linkedin.com\/company\/manimedia\/\" target=\"_blank\" rel=\"noopener\">https:\/\/www.linkedin.com\/company\/manimedia\/<\/a><\/p>\n<p><a href=\"https:\/\/www.instagram.com\/manimedia_ka\/\" target=\"_blank\" rel=\"noopener\">https:\/\/www.instagram.com\/manimedia_ka\/<\/a><\/p>\n<p><a href=\"https:\/\/www.youtube.com\/@manimedia_ka\" target=\"_blank\" rel=\"noopener\">https:\/\/www.youtube.com\/@manimedia_ka<\/a><\/p>\n<p>&nbsp;<\/p>\n<p class=\"seal\"><a title=\"Rechtstext von Dr. Schwenke - f\u00fcr weitere Informationen bitte anklicken.\" href=\"https:\/\/datenschutz-generator.de\/\" target=\"_blank\" rel=\"noopener noreferrer nofollow\">Erstellt mit kostenlosem Datenschutz-Generator.de von Dr. Thomas Schwenke<\/a><\/p>\n<p>&nbsp;<\/p>\n","protected":false},"excerpt":{"rendered":"<p>Impressum Diensteanbieter manimedia Inh. Markus Nick Hinterm Zaun 24 76228 Karlsruhe Deutschland Kontaktm\u00f6glichkeiten E-Mail-Adresse: kontakt@manimedia.de Telefon: +49 1577 7043630 Kontaktformular: https:\/\/manimedia.de\/kontakt\/ Journalistisch-redaktionelle Angebote Inhaltlich verantwortlich: Markus Nick (Adresse wie oben) Audiovisuelle Mediendienste Sitzland: Deutschland. Zust\u00e4ndige Regulierungs-, bzw. Aufsichtsbeh\u00f6rde: Landesanstalt f\u00fcr Kommunikation Baden-W\u00fcrttemberg (LFK), https:\/\/www.lfk.de\/ Angaben zum Unternehmen Umsatzsteuer Identifikationsnummer (USt-ID): DE 333025508 AGB: https:\/\/manimedia.de\/agb\/ Streitschlichtung&hellip;<\/p>\n","protected":false},"author":1,"featured_media":0,"parent":0,"menu_order":0,"comment_status":"closed","ping_status":"closed","template":"","meta":{"_acf_changed":false,"footnotes":""},"class_list":["post-743","page","type-page","status-publish","hentry"],"translation":{"provider":"WPGlobus","version":"3.0.2","language":"en","enabled_languages":["de","en"],"languages":{"de":{"title":true,"content":true,"excerpt":false},"en":{"title":true,"content":false,"excerpt":false}}},"acf":[],"yoast_head":"<!-- This site is optimized with the Yoast SEO plugin v27.5 - https:\/\/yoast.com\/product\/yoast-seo-wordpress\/ -->\n<title>Impressum<\/title>\n<meta name=\"robots\" content=\"noindex, nofollow\" \/>\n<meta property=\"og:locale\" content=\"en_US\" \/>\n<meta property=\"og:type\" content=\"article\" \/>\n<meta property=\"og:title\" content=\"Impressum\" \/>\n<meta property=\"og:url\" content=\"https:\/\/manimedia.de\/impressum\/\" \/>\n<meta property=\"og:site_name\" content=\"manimedia\" \/>\n<meta property=\"article:modified_time\" content=\"2024-02-06T12:00:47+00:00\" \/>\n<meta name=\"twitter:card\" content=\"summary_large_image\" \/>\n<script type=\"application\/ld+json\" class=\"yoast-schema-graph\">{\"@context\":\"https:\\\/\\\/schema.org\",\"@graph\":[{\"@type\":\"WebPage\",\"@id\":\"https:\\\/\\\/manimedia.de\\\/impressum\\\/\",\"url\":\"https:\\\/\\\/manimedia.de\\\/impressum\\\/\",\"name\":\"Impressum\",\"isPartOf\":{\"@id\":\"https:\\\/\\\/manimedia.de\\\/#website\"},\"datePublished\":\"2023-02-24T17:28:14+00:00\",\"dateModified\":\"2024-02-06T12:00:47+00:00\",\"breadcrumb\":{\"@id\":\"https:\\\/\\\/manimedia.de\\\/impressum\\\/#breadcrumb\"},\"inLanguage\":\"en-US\",\"potentialAction\":[{\"@type\":\"ReadAction\",\"target\":[\"https:\\\/\\\/manimedia.de\\\/impressum\\\/\"]}]},{\"@type\":\"BreadcrumbList\",\"@id\":\"https:\\\/\\\/manimedia.de\\\/impressum\\\/#breadcrumb\",\"itemListElement\":[{\"@type\":\"ListItem\",\"position\":1,\"name\":\"Startseite\",\"item\":\"https:\\\/\\\/manimedia.de\\\/\"},{\"@type\":\"ListItem\",\"position\":2,\"name\":\"Impressum\"}]},{\"@type\":\"WebSite\",\"@id\":\"https:\\\/\\\/manimedia.de\\\/#website\",\"url\":\"https:\\\/\\\/manimedia.de\\\/\",\"name\":\"manimedia\",\"description\":\"creative agency for video production\",\"publisher\":{\"@id\":\"https:\\\/\\\/manimedia.de\\\/#organization\"},\"potentialAction\":[{\"@type\":\"SearchAction\",\"target\":{\"@type\":\"EntryPoint\",\"urlTemplate\":\"https:\\\/\\\/manimedia.de\\\/?s={search_term_string}\"},\"query-input\":{\"@type\":\"PropertyValueSpecification\",\"valueRequired\":true,\"valueName\":\"search_term_string\"}}],\"inLanguage\":\"en-US\"},{\"@type\":\"Organization\",\"@id\":\"https:\\\/\\\/manimedia.de\\\/#organization\",\"name\":\"manimedia | Videoproduktion & Livestreams aus Karlsruhe\",\"url\":\"https:\\\/\\\/manimedia.de\\\/\",\"logo\":{\"@type\":\"ImageObject\",\"inLanguage\":\"en-US\",\"@id\":\"https:\\\/\\\/manimedia.de\\\/#\\\/schema\\\/logo\\\/image\\\/\",\"url\":\"\",\"contentUrl\":\"\",\"caption\":\"manimedia | Videoproduktion & Livestreams aus Karlsruhe\"},\"image\":{\"@id\":\"https:\\\/\\\/manimedia.de\\\/#\\\/schema\\\/logo\\\/image\\\/\"},\"sameAs\":[\"https:\\\/\\\/www.linkedin.com\\\/company\\\/manimedia\\\/\",\"https:\\\/\\\/www.instagram.com\\\/manimedia_ka\\\/\",\"https:\\\/\\\/www.youtube.com\\\/@manimedia_ka\"]}]}<\/script>\n<!-- \/ Yoast SEO plugin. -->","yoast_head_json":{"title":"Impressum","robots":{"index":"noindex","follow":"nofollow"},"og_locale":"en_US","og_type":"article","og_title":"Impressum","og_url":"https:\/\/manimedia.de\/impressum\/","og_site_name":"manimedia","article_modified_time":"2024-02-06T12:00:47+00:00","twitter_card":"summary_large_image","schema":{"@context":"https:\/\/schema.org","@graph":[{"@type":"WebPage","@id":"https:\/\/manimedia.de\/impressum\/","url":"https:\/\/manimedia.de\/impressum\/","name":"Impressum","isPartOf":{"@id":"https:\/\/manimedia.de\/#website"},"datePublished":"2023-02-24T17:28:14+00:00","dateModified":"2024-02-06T12:00:47+00:00","breadcrumb":{"@id":"https:\/\/manimedia.de\/impressum\/#breadcrumb"},"inLanguage":"en-US","potentialAction":[{"@type":"ReadAction","target":["https:\/\/manimedia.de\/impressum\/"]}]},{"@type":"BreadcrumbList","@id":"https:\/\/manimedia.de\/impressum\/#breadcrumb","itemListElement":[{"@type":"ListItem","position":1,"name":"Startseite","item":"https:\/\/manimedia.de\/"},{"@type":"ListItem","position":2,"name":"Impressum"}]},{"@type":"WebSite","@id":"https:\/\/manimedia.de\/#website","url":"https:\/\/manimedia.de\/","name":"manimedia","description":"creative agency for video production","publisher":{"@id":"https:\/\/manimedia.de\/#organization"},"potentialAction":[{"@type":"SearchAction","target":{"@type":"EntryPoint","urlTemplate":"https:\/\/manimedia.de\/?s={search_term_string}"},"query-input":{"@type":"PropertyValueSpecification","valueRequired":true,"valueName":"search_term_string"}}],"inLanguage":"en-US"},{"@type":"Organization","@id":"https:\/\/manimedia.de\/#organization","name":"manimedia | Videoproduktion & Livestreams aus Karlsruhe","url":"https:\/\/manimedia.de\/","logo":{"@type":"ImageObject","inLanguage":"en-US","@id":"https:\/\/manimedia.de\/#\/schema\/logo\/image\/","url":"","contentUrl":"","caption":"manimedia | Videoproduktion & Livestreams aus Karlsruhe"},"image":{"@id":"https:\/\/manimedia.de\/#\/schema\/logo\/image\/"},"sameAs":["https:\/\/www.linkedin.com\/company\/manimedia\/","https:\/\/www.instagram.com\/manimedia_ka\/","https:\/\/www.youtube.com\/@manimedia_ka"]}]}},"_links":{"self":[{"href":"https:\/\/manimedia.de\/en\/wp-json\/wp\/v2\/pages\/743","targetHints":{"allow":["GET"]}}],"collection":[{"href":"https:\/\/manimedia.de\/en\/wp-json\/wp\/v2\/pages"}],"about":[{"href":"https:\/\/manimedia.de\/en\/wp-json\/wp\/v2\/types\/page"}],"author":[{"embeddable":true,"href":"https:\/\/manimedia.de\/en\/wp-json\/wp\/v2\/users\/1"}],"replies":[{"embeddable":true,"href":"https:\/\/manimedia.de\/en\/wp-json\/wp\/v2\/comments?post=743"}],"version-history":[{"count":6,"href":"https:\/\/manimedia.de\/en\/wp-json\/wp\/v2\/pages\/743\/revisions"}],"predecessor-version":[{"id":6061,"href":"https:\/\/manimedia.de\/en\/wp-json\/wp\/v2\/pages\/743\/revisions\/6061"}],"wp:attachment":[{"href":"https:\/\/manimedia.de\/en\/wp-json\/wp\/v2\/media?parent=743"}],"curies":[{"name":"wp","href":"https:\/\/api.w.org\/{rel}","templated":true}]}}